{"id":382,"date":"2018-08-24T22:12:46","date_gmt":"2018-08-24T22:12:46","guid":{"rendered":"http:\/\/hra.pr\/jojo-schneckenaichner\/"},"modified":"2018-10-04T00:12:02","modified_gmt":"2018-10-04T00:12:02","slug":"jojo-schneckenaichner","status":"publish","type":"page","link":"https:\/\/hra.pr\/es\/jojo-schneckenaichner\/","title":{"rendered":"JoJo Schneckenaichner"},"content":{"rendered":"<p><div class=\"fusion-fullwidth fullwidth-box fusion-builder-row-1 hundred-percent-fullwidth non-hundred-percent-height-scrolling\" style=\"--awb-border-radius-top-left:0px;--awb-border-radius-top-right:0px;--awb-border-radius-bottom-right:0px;--awb-border-radius-bottom-left:0px;--awb-padding-right:0px;--awb-padding-left:0px;--awb-flex-wrap:wrap;\" ><div class=\"fusion-builder-row fusion-row\"><div class=\"fusion-layout-column fusion_builder_column fusion-builder-column-0 fusion_builder_column_1_1 1_1 fusion-one-full fusion-column-first fusion-column-last\" style=\"--awb-bg-size:cover;--awb-margin-bottom:0px;\"><div class=\"fusion-column-wrapper fusion-flex-column-wrapper-legacy\"><div class=\"fusion-image-element fusion-image-align-center in-legacy-container\" style=\"text-align:center;--awb-caption-title-font-family:var(--h2_typography-font-family);--awb-caption-title-font-weight:var(--h2_typography-font-weight);--awb-caption-title-font-style:var(--h2_typography-font-style);--awb-caption-title-size:var(--h2_typography-font-size);--awb-caption-title-transform:var(--h2_typography-text-transform);--awb-caption-title-line-height:var(--h2_typography-line-height);--awb-caption-title-letter-spacing:var(--h2_typography-letter-spacing);\"><div class=\"imageframe-align-center\"><span class=\" fusion-imageframe imageframe-none imageframe-1 hover-type-none\"><img decoding=\"async\" width=\"1920\" height=\"300\" src=\"http:\/\/hra.pr\/wp-content\/uploads\/2018\/08\/banner-team.jpg\" alt class=\"img-responsive wp-image-250\" srcset=\"https:\/\/hra.pr\/wp-content\/uploads\/2018\/08\/banner-team-200x31.jpg 200w, https:\/\/hra.pr\/wp-content\/uploads\/2018\/08\/banner-team-400x63.jpg 400w, https:\/\/hra.pr\/wp-content\/uploads\/2018\/08\/banner-team-600x94.jpg 600w, https:\/\/hra.pr\/wp-content\/uploads\/2018\/08\/banner-team-800x125.jpg 800w, https:\/\/hra.pr\/wp-content\/uploads\/2018\/08\/banner-team-1200x188.jpg 1200w, https:\/\/hra.pr\/wp-content\/uploads\/2018\/08\/banner-team.jpg 1920w\" sizes=\"(max-width: 800px) 100vw, 1200px\" \/><\/span><\/div><\/div><div class=\"fusion-clearfix\"><\/div><\/div><\/div><\/div><\/div><div class=\"fusion-fullwidth fullwidth-box fusion-builder-row-2 nonhundred-percent-fullwidth non-hundred-percent-height-scrolling\" style=\"--awb-border-radius-top-left:0px;--awb-border-radius-top-right:0px;--awb-border-radius-bottom-right:0px;--awb-border-radius-bottom-left:0px;--awb-padding-top:60px;--awb-flex-wrap:wrap;\" ><div class=\"fusion-builder-row fusion-row\"><div class=\"fusion-layout-column fusion_builder_column fusion-builder-column-1 fusion_builder_column_1_1 1_1 fusion-one-full fusion-column-first fusion-column-last\" style=\"--awb-bg-size:cover;\"><div class=\"fusion-column-wrapper fusion-flex-column-wrapper-legacy\"><div class=\"fusion-text fusion-text-1\"><p><img decoding=\"async\" class=\"wp-image-306 size-full alignleft\" src=\"http:\/\/hra.pr\/wp-content\/uploads\/2018\/09\/jojo-schneckenaichner.jpg\" alt=\"\" width=\"400\" height=\"400\" srcset=\"https:\/\/hra.pr\/wp-content\/uploads\/2018\/09\/jojo-schneckenaichner-66x66.jpg 66w, https:\/\/hra.pr\/wp-content\/uploads\/2018\/09\/jojo-schneckenaichner-150x150.jpg 150w, https:\/\/hra.pr\/wp-content\/uploads\/2018\/09\/jojo-schneckenaichner-200x200.jpg 200w, https:\/\/hra.pr\/wp-content\/uploads\/2018\/09\/jojo-schneckenaichner-300x300.jpg 300w, https:\/\/hra.pr\/wp-content\/uploads\/2018\/09\/jojo-schneckenaichner.jpg 400w\" sizes=\"(max-width: 400px) 100vw, 400px\" \/><\/p>\n<h2>JoJo Schneckenaichner<\/h2>\n<p>JoJo es un consultor experimentado con m\u00e1s de veinte a\u00f1os de trayectoria en consultor\u00eda de gesti\u00f3n, operaciones y administraci\u00f3n de la cadena de suministro. Su tesis de doctorado sobre m\u00e9todos de control de costos de la cadena de suministro se ha transferido de manera eficiente a clientes y agencias gubernamentales para el rendimiento comercial y operativo.<\/p>\n<p>JoJo ha ayudado a los clientes a alinear el pron\u00f3stico y la gesti\u00f3n de la demanda, la log\u00edstica, las operaciones, el modelado y la estrategia de log\u00edstica y la gesti\u00f3n de relaciones para mejorar el rendimiento empresarial y conectar los esfuerzos individuales de los empleados directamente con los resultados financieros finales. Ha integrado exitosamente las cadenas de suministro de m\u00faltiples capas a trav\u00e9s de la planificaci\u00f3n de producci\u00f3n\/ventas (S&amp;OP), la programaci\u00f3n del mantenimiento y la producci\u00f3n, y la gesti\u00f3n de proyectos mediante la combinaci\u00f3n del desarrollo del liderazgo y la capacitaci\u00f3n orientada al rendimiento con programas multidimensionales orientados a los resultados. Los \u00e9xitos incluyen reducciones de costos clave con mejoras simult\u00e1neas respecto de los servicios.<\/p>\n<p>Jojo cuenta con experiencia en los sectores de defensa, gas y petr\u00f3leo, manufactura pesada y salud. Ha ayudado a los clientes a obtener resultados en los EE.\u00a0UU., en el Sudeste Asi\u00e1tico, Europa Occidental, Canad\u00e1 y M\u00e9xico.<\/p>\n<\/div><div class=\"fusion-clearfix\"><\/div><\/div><\/div><\/div><\/div><\/p>\n","protected":false},"excerpt":{"rendered":"","protected":false},"author":1,"featured_media":0,"parent":0,"menu_order":0,"comment_status":"closed","ping_status":"closed","template":"100-width.php","meta":{"footnotes":""},"class_list":["post-382","page","type-page","status-publish","hentry"],"yoast_head":"<!-- This site is optimized with the Yoast SEO plugin v25.6 - https:\/\/yoast.com\/wordpress\/plugins\/seo\/ -->\n<title>JoJo Schneckenaichner - Hawk&#039;s Ridge Associates<\/title>\n<meta name=\"robots\" content=\"index, follow, max-snippet:-1, max-image-preview:large, max-video-preview:-1\" \/>\n<link rel=\"canonical\" href=\"https:\/\/hra.pr\/es\/jojo-schneckenaichner\/\" \/>\n<meta property=\"og:locale\" content=\"es_ES\" \/>\n<meta property=\"og:type\" content=\"article\" \/>\n<meta property=\"og:title\" content=\"JoJo Schneckenaichner - Hawk&#039;s Ridge Associates\" \/>\n<meta property=\"og:url\" content=\"https:\/\/hra.pr\/es\/jojo-schneckenaichner\/\" \/>\n<meta property=\"og:site_name\" content=\"Hawk&#039;s Ridge Associates\" \/>\n<meta property=\"article:modified_time\" content=\"2018-10-04T00:12:02+00:00\" \/>\n<meta property=\"og:image\" content=\"http:\/\/hra.pr\/wp-content\/uploads\/2018\/09\/jojo-schneckenaichner.jpg\" \/>\n<meta name=\"twitter:card\" content=\"summary_large_image\" \/>\n<meta name=\"twitter:label1\" content=\"Tiempo de lectura\" \/>\n\t<meta name=\"twitter:data1\" content=\"3 minutos\" \/>\n<script type=\"application\/ld+json\" class=\"yoast-schema-graph\">{\"@context\":\"https:\/\/schema.org\",\"@graph\":[{\"@type\":\"WebPage\",\"@id\":\"https:\/\/hra.pr\/es\/jojo-schneckenaichner\/\",\"url\":\"https:\/\/hra.pr\/es\/jojo-schneckenaichner\/\",\"name\":\"JoJo Schneckenaichner - Hawk&#039;s Ridge Associates\",\"isPartOf\":{\"@id\":\"https:\/\/hra.pr\/#website\"},\"primaryImageOfPage\":{\"@id\":\"https:\/\/hra.pr\/es\/jojo-schneckenaichner\/#primaryimage\"},\"image\":{\"@id\":\"https:\/\/hra.pr\/es\/jojo-schneckenaichner\/#primaryimage\"},\"thumbnailUrl\":\"http:\/\/hra.pr\/wp-content\/uploads\/2018\/09\/jojo-schneckenaichner.jpg\",\"datePublished\":\"2018-08-24T22:12:46+00:00\",\"dateModified\":\"2018-10-04T00:12:02+00:00\",\"breadcrumb\":{\"@id\":\"https:\/\/hra.pr\/es\/jojo-schneckenaichner\/#breadcrumb\"},\"inLanguage\":\"es\",\"potentialAction\":[{\"@type\":\"ReadAction\",\"target\":[\"https:\/\/hra.pr\/es\/jojo-schneckenaichner\/\"]}]},{\"@type\":\"ImageObject\",\"inLanguage\":\"es\",\"@id\":\"https:\/\/hra.pr\/es\/jojo-schneckenaichner\/#primaryimage\",\"url\":\"http:\/\/hra.pr\/wp-content\/uploads\/2018\/09\/jojo-schneckenaichner.jpg\",\"contentUrl\":\"http:\/\/hra.pr\/wp-content\/uploads\/2018\/09\/jojo-schneckenaichner.jpg\"},{\"@type\":\"BreadcrumbList\",\"@id\":\"https:\/\/hra.pr\/es\/jojo-schneckenaichner\/#breadcrumb\",\"itemListElement\":[{\"@type\":\"ListItem\",\"position\":1,\"name\":\"Home\",\"item\":\"https:\/\/hra.pr\/es\/\"},{\"@type\":\"ListItem\",\"position\":2,\"name\":\"JoJo Schneckenaichner\"}]},{\"@type\":\"WebSite\",\"@id\":\"https:\/\/hra.pr\/#website\",\"url\":\"https:\/\/hra.pr\/\",\"name\":\"Hawk&#039;s Ridge Associates\",\"description\":\"Unleash the potential of the people in your organization.\",\"potentialAction\":[{\"@type\":\"SearchAction\",\"target\":{\"@type\":\"EntryPoint\",\"urlTemplate\":\"https:\/\/hra.pr\/?s={search_term_string}\"},\"query-input\":{\"@type\":\"PropertyValueSpecification\",\"valueRequired\":true,\"valueName\":\"search_term_string\"}}],\"inLanguage\":\"es\"}]}<\/script>\n<!-- \/ Yoast SEO plugin. -->","yoast_head_json":{"title":"JoJo Schneckenaichner - Hawk&#039;s Ridge Associates","robots":{"index":"index","follow":"follow","max-snippet":"max-snippet:-1","max-image-preview":"max-image-preview:large","max-video-preview":"max-video-preview:-1"},"canonical":"https:\/\/hra.pr\/es\/jojo-schneckenaichner\/","og_locale":"es_ES","og_type":"article","og_title":"JoJo Schneckenaichner - Hawk&#039;s Ridge Associates","og_url":"https:\/\/hra.pr\/es\/jojo-schneckenaichner\/","og_site_name":"Hawk&#039;s Ridge Associates","article_modified_time":"2018-10-04T00:12:02+00:00","og_image":[{"url":"http:\/\/hra.pr\/wp-content\/uploads\/2018\/09\/jojo-schneckenaichner.jpg","type":"","width":"","height":""}],"twitter_card":"summary_large_image","twitter_misc":{"Tiempo de lectura":"3 minutos"},"schema":{"@context":"https:\/\/schema.org","@graph":[{"@type":"WebPage","@id":"https:\/\/hra.pr\/es\/jojo-schneckenaichner\/","url":"https:\/\/hra.pr\/es\/jojo-schneckenaichner\/","name":"JoJo Schneckenaichner - Hawk&#039;s Ridge Associates","isPartOf":{"@id":"https:\/\/hra.pr\/#website"},"primaryImageOfPage":{"@id":"https:\/\/hra.pr\/es\/jojo-schneckenaichner\/#primaryimage"},"image":{"@id":"https:\/\/hra.pr\/es\/jojo-schneckenaichner\/#primaryimage"},"thumbnailUrl":"http:\/\/hra.pr\/wp-content\/uploads\/2018\/09\/jojo-schneckenaichner.jpg","datePublished":"2018-08-24T22:12:46+00:00","dateModified":"2018-10-04T00:12:02+00:00","breadcrumb":{"@id":"https:\/\/hra.pr\/es\/jojo-schneckenaichner\/#breadcrumb"},"inLanguage":"es","potentialAction":[{"@type":"ReadAction","target":["https:\/\/hra.pr\/es\/jojo-schneckenaichner\/"]}]},{"@type":"ImageObject","inLanguage":"es","@id":"https:\/\/hra.pr\/es\/jojo-schneckenaichner\/#primaryimage","url":"http:\/\/hra.pr\/wp-content\/uploads\/2018\/09\/jojo-schneckenaichner.jpg","contentUrl":"http:\/\/hra.pr\/wp-content\/uploads\/2018\/09\/jojo-schneckenaichner.jpg"},{"@type":"BreadcrumbList","@id":"https:\/\/hra.pr\/es\/jojo-schneckenaichner\/#breadcrumb","itemListElement":[{"@type":"ListItem","position":1,"name":"Home","item":"https:\/\/hra.pr\/es\/"},{"@type":"ListItem","position":2,"name":"JoJo Schneckenaichner"}]},{"@type":"WebSite","@id":"https:\/\/hra.pr\/#website","url":"https:\/\/hra.pr\/","name":"Hawk&#039;s Ridge Associates","description":"Unleash the potential of the people in your organization.","potentialAction":[{"@type":"SearchAction","target":{"@type":"EntryPoint","urlTemplate":"https:\/\/hra.pr\/?s={search_term_string}"},"query-input":{"@type":"PropertyValueSpecification","valueRequired":true,"valueName":"search_term_string"}}],"inLanguage":"es"}]}},"_links":{"self":[{"href":"https:\/\/hra.pr\/es\/wp-json\/wp\/v2\/pages\/382","targetHints":{"allow":["GET"]}}],"collection":[{"href":"https:\/\/hra.pr\/es\/wp-json\/wp\/v2\/pages"}],"about":[{"href":"https:\/\/hra.pr\/es\/wp-json\/wp\/v2\/types\/page"}],"author":[{"embeddable":true,"href":"https:\/\/hra.pr\/es\/wp-json\/wp\/v2\/users\/1"}],"replies":[{"embeddable":true,"href":"https:\/\/hra.pr\/es\/wp-json\/wp\/v2\/comments?post=382"}],"version-history":[{"count":2,"href":"https:\/\/hra.pr\/es\/wp-json\/wp\/v2\/pages\/382\/revisions"}],"predecessor-version":[{"id":454,"href":"https:\/\/hra.pr\/es\/wp-json\/wp\/v2\/pages\/382\/revisions\/454"}],"wp:attachment":[{"href":"https:\/\/hra.pr\/es\/wp-json\/wp\/v2\/media?parent=382"}],"curies":[{"name":"wp","href":"https:\/\/api.w.org\/{rel}","templated":true}]}}