{"id":388,"date":"2018-09-25T21:50:48","date_gmt":"2018-09-25T21:50:48","guid":{"rendered":"http:\/\/hra.pr\/stephanie-qualls\/"},"modified":"2018-09-25T21:50:48","modified_gmt":"2018-09-25T21:50:48","slug":"stephanie-qualls","status":"publish","type":"page","link":"https:\/\/hra.pr\/es\/stephanie-qualls\/","title":{"rendered":"Stephanie Qualls"},"content":{"rendered":"<p><div class=\"fusion-fullwidth fullwidth-box fusion-builder-row-1 hundred-percent-fullwidth non-hundred-percent-height-scrolling\" style=\"--awb-border-radius-top-left:0px;--awb-border-radius-top-right:0px;--awb-border-radius-bottom-right:0px;--awb-border-radius-bottom-left:0px;--awb-padding-right:0px;--awb-padding-left:0px;--awb-flex-wrap:wrap;\" ><div class=\"fusion-builder-row fusion-row\"><div class=\"fusion-layout-column fusion_builder_column fusion-builder-column-0 fusion_builder_column_1_1 1_1 fusion-one-full fusion-column-first fusion-column-last\" style=\"--awb-bg-size:cover;--awb-margin-bottom:0px;\"><div class=\"fusion-column-wrapper fusion-flex-column-wrapper-legacy\"><div class=\"fusion-image-element fusion-image-align-center in-legacy-container\" style=\"text-align:center;--awb-caption-title-font-family:var(--h2_typography-font-family);--awb-caption-title-font-weight:var(--h2_typography-font-weight);--awb-caption-title-font-style:var(--h2_typography-font-style);--awb-caption-title-size:var(--h2_typography-font-size);--awb-caption-title-transform:var(--h2_typography-text-transform);--awb-caption-title-line-height:var(--h2_typography-line-height);--awb-caption-title-letter-spacing:var(--h2_typography-letter-spacing);\"><div class=\"imageframe-align-center\"><span class=\" fusion-imageframe imageframe-none imageframe-1 hover-type-none\"><img decoding=\"async\" width=\"1920\" height=\"300\" src=\"http:\/\/hra.pr\/wp-content\/uploads\/2018\/08\/banner-team.jpg\" alt class=\"img-responsive wp-image-250\" srcset=\"https:\/\/hra.pr\/wp-content\/uploads\/2018\/08\/banner-team-200x31.jpg 200w, https:\/\/hra.pr\/wp-content\/uploads\/2018\/08\/banner-team-400x63.jpg 400w, https:\/\/hra.pr\/wp-content\/uploads\/2018\/08\/banner-team-600x94.jpg 600w, https:\/\/hra.pr\/wp-content\/uploads\/2018\/08\/banner-team-800x125.jpg 800w, https:\/\/hra.pr\/wp-content\/uploads\/2018\/08\/banner-team-1200x188.jpg 1200w, https:\/\/hra.pr\/wp-content\/uploads\/2018\/08\/banner-team.jpg 1920w\" sizes=\"(max-width: 800px) 100vw, 1200px\" \/><\/span><\/div><\/div><div class=\"fusion-clearfix\"><\/div><\/div><\/div><\/div><\/div><div class=\"fusion-fullwidth fullwidth-box fusion-builder-row-2 nonhundred-percent-fullwidth non-hundred-percent-height-scrolling\" style=\"--awb-border-radius-top-left:0px;--awb-border-radius-top-right:0px;--awb-border-radius-bottom-right:0px;--awb-border-radius-bottom-left:0px;--awb-padding-top:60px;--awb-flex-wrap:wrap;\" ><div class=\"fusion-builder-row fusion-row\"><div class=\"fusion-layout-column fusion_builder_column fusion-builder-column-1 fusion_builder_column_1_1 1_1 fusion-one-full fusion-column-first fusion-column-last\" style=\"--awb-bg-size:cover;\"><div class=\"fusion-column-wrapper fusion-flex-column-wrapper-legacy\"><div class=\"fusion-text fusion-text-1\"><p><img decoding=\"async\" class=\"alignleft size-full wp-image-79\" src=\"http:\/\/hra.pr\/wp-content\/uploads\/2018\/08\/stephanie-qualls.jpg\" alt=\"\" width=\"400\" height=\"400\" srcset=\"https:\/\/hra.pr\/wp-content\/uploads\/2018\/08\/stephanie-qualls-66x66.jpg 66w, https:\/\/hra.pr\/wp-content\/uploads\/2018\/08\/stephanie-qualls-150x150.jpg 150w, https:\/\/hra.pr\/wp-content\/uploads\/2018\/08\/stephanie-qualls-200x200.jpg 200w, https:\/\/hra.pr\/wp-content\/uploads\/2018\/08\/stephanie-qualls-300x300.jpg 300w, https:\/\/hra.pr\/wp-content\/uploads\/2018\/08\/stephanie-qualls.jpg 400w\" sizes=\"(max-width: 400px) 100vw, 400px\" \/><\/p>\n<h2>Stephanie Qualls<\/h2>\n<p>La pasi\u00f3n de Stephanie es colaborar con los clientes para ayudarlos a crear una visi\u00f3n motivadora de un futuro de alto rendimiento, y hacerla realidad.\u00a0 Es una profesional en las \u00e1reas de capacitaci\u00f3n y consultor\u00eda con m\u00e1s de treinta a\u00f1os de experiencia en negocios, que incluye una combinaci\u00f3n de consultor\u00eda, liderazgo en la l\u00ednea industrial y funciones del personal internacional en las industrias qu\u00edmica, energ\u00e9tica y manufacturera. Durante los \u00faltimos veinte a\u00f1os, ha capacitado a l\u00edderes para lograr mejoras en el rendimiento empresarial mediante el desarrollo del liderazgo y la capacitaci\u00f3n orientada al rendimiento en combinaci\u00f3n con la implementaci\u00f3n de complejos programas centrados en los resultados, incluida la ejecuci\u00f3n del proyecto, la administraci\u00f3n integrada de la cadena de suministro, la programaci\u00f3n y planificaci\u00f3n de mantenimiento, la efectividad de los activos y una gran reducci\u00f3n de los costos mediante la Excelencia Operativa y los sistemas de gesti\u00f3n de mejoras de procesos y la gesti\u00f3n de programas.<\/p>\n<p>La experiencia de Stephanie en la industria incluye al sector manufacturero, qu\u00edmico y del gas y el petr\u00f3leo, tras haber ayudado a los clientes a mejorar la seguridad, la fiabilidad, la calidad y el rendimiento de la producci\u00f3n, los costos, el rendimiento en la cadena de suministro, la gesti\u00f3n de los contratistas y la ejecuci\u00f3n del proyecto dentro de los EE.\u00a0UU. y en varios lugares del mundo, como Singapur, Tokio, Guinea Ecuatorial, Tailandia, Colombia, Brasil, Trinidad, Sud\u00e1frica, Francia, el Reino Unido y Canad\u00e1.<\/p>\n<\/div><div class=\"fusion-clearfix\"><\/div><\/div><\/div><\/div><\/div><\/p>\n","protected":false},"excerpt":{"rendered":"","protected":false},"author":1,"featured_media":0,"parent":0,"menu_order":0,"comment_status":"closed","ping_status":"closed","template":"100-width.php","meta":{"footnotes":""},"class_list":["post-388","page","type-page","status-publish","hentry"],"yoast_head":"<!-- This site is optimized with the Yoast SEO plugin v25.6 - https:\/\/yoast.com\/wordpress\/plugins\/seo\/ -->\n<title>Stephanie Qualls - Hawk&#039;s Ridge Associates<\/title>\n<meta name=\"robots\" content=\"index, follow, max-snippet:-1, max-image-preview:large, max-video-preview:-1\" \/>\n<link rel=\"canonical\" href=\"https:\/\/hra.pr\/es\/stephanie-qualls\/\" \/>\n<meta property=\"og:locale\" content=\"es_ES\" \/>\n<meta property=\"og:type\" content=\"article\" \/>\n<meta property=\"og:title\" content=\"Stephanie Qualls - Hawk&#039;s Ridge Associates\" \/>\n<meta property=\"og:url\" content=\"https:\/\/hra.pr\/es\/stephanie-qualls\/\" \/>\n<meta property=\"og:site_name\" content=\"Hawk&#039;s Ridge Associates\" \/>\n<meta property=\"og:image\" content=\"http:\/\/hra.pr\/wp-content\/uploads\/2018\/08\/stephanie-qualls.jpg\" \/>\n<meta name=\"twitter:card\" content=\"summary_large_image\" \/>\n<meta name=\"twitter:label1\" content=\"Tiempo de lectura\" \/>\n\t<meta name=\"twitter:data1\" content=\"4 minutos\" \/>\n<script type=\"application\/ld+json\" class=\"yoast-schema-graph\">{\"@context\":\"https:\/\/schema.org\",\"@graph\":[{\"@type\":\"WebPage\",\"@id\":\"https:\/\/hra.pr\/es\/stephanie-qualls\/\",\"url\":\"https:\/\/hra.pr\/es\/stephanie-qualls\/\",\"name\":\"Stephanie Qualls - Hawk&#039;s Ridge Associates\",\"isPartOf\":{\"@id\":\"https:\/\/hra.pr\/#website\"},\"primaryImageOfPage\":{\"@id\":\"https:\/\/hra.pr\/es\/stephanie-qualls\/#primaryimage\"},\"image\":{\"@id\":\"https:\/\/hra.pr\/es\/stephanie-qualls\/#primaryimage\"},\"thumbnailUrl\":\"http:\/\/hra.pr\/wp-content\/uploads\/2018\/08\/stephanie-qualls.jpg\",\"datePublished\":\"2018-09-25T21:50:48+00:00\",\"breadcrumb\":{\"@id\":\"https:\/\/hra.pr\/es\/stephanie-qualls\/#breadcrumb\"},\"inLanguage\":\"es\",\"potentialAction\":[{\"@type\":\"ReadAction\",\"target\":[\"https:\/\/hra.pr\/es\/stephanie-qualls\/\"]}]},{\"@type\":\"ImageObject\",\"inLanguage\":\"es\",\"@id\":\"https:\/\/hra.pr\/es\/stephanie-qualls\/#primaryimage\",\"url\":\"http:\/\/hra.pr\/wp-content\/uploads\/2018\/08\/stephanie-qualls.jpg\",\"contentUrl\":\"http:\/\/hra.pr\/wp-content\/uploads\/2018\/08\/stephanie-qualls.jpg\"},{\"@type\":\"BreadcrumbList\",\"@id\":\"https:\/\/hra.pr\/es\/stephanie-qualls\/#breadcrumb\",\"itemListElement\":[{\"@type\":\"ListItem\",\"position\":1,\"name\":\"Home\",\"item\":\"https:\/\/hra.pr\/es\/\"},{\"@type\":\"ListItem\",\"position\":2,\"name\":\"Stephanie Qualls\"}]},{\"@type\":\"WebSite\",\"@id\":\"https:\/\/hra.pr\/#website\",\"url\":\"https:\/\/hra.pr\/\",\"name\":\"Hawk&#039;s Ridge Associates\",\"description\":\"Unleash the potential of the people in your organization.\",\"potentialAction\":[{\"@type\":\"SearchAction\",\"target\":{\"@type\":\"EntryPoint\",\"urlTemplate\":\"https:\/\/hra.pr\/?s={search_term_string}\"},\"query-input\":{\"@type\":\"PropertyValueSpecification\",\"valueRequired\":true,\"valueName\":\"search_term_string\"}}],\"inLanguage\":\"es\"}]}<\/script>\n<!-- \/ Yoast SEO plugin. -->","yoast_head_json":{"title":"Stephanie Qualls - Hawk&#039;s Ridge Associates","robots":{"index":"index","follow":"follow","max-snippet":"max-snippet:-1","max-image-preview":"max-image-preview:large","max-video-preview":"max-video-preview:-1"},"canonical":"https:\/\/hra.pr\/es\/stephanie-qualls\/","og_locale":"es_ES","og_type":"article","og_title":"Stephanie Qualls - Hawk&#039;s Ridge Associates","og_url":"https:\/\/hra.pr\/es\/stephanie-qualls\/","og_site_name":"Hawk&#039;s Ridge Associates","og_image":[{"url":"http:\/\/hra.pr\/wp-content\/uploads\/2018\/08\/stephanie-qualls.jpg","type":"","width":"","height":""}],"twitter_card":"summary_large_image","twitter_misc":{"Tiempo de lectura":"4 minutos"},"schema":{"@context":"https:\/\/schema.org","@graph":[{"@type":"WebPage","@id":"https:\/\/hra.pr\/es\/stephanie-qualls\/","url":"https:\/\/hra.pr\/es\/stephanie-qualls\/","name":"Stephanie Qualls - Hawk&#039;s Ridge Associates","isPartOf":{"@id":"https:\/\/hra.pr\/#website"},"primaryImageOfPage":{"@id":"https:\/\/hra.pr\/es\/stephanie-qualls\/#primaryimage"},"image":{"@id":"https:\/\/hra.pr\/es\/stephanie-qualls\/#primaryimage"},"thumbnailUrl":"http:\/\/hra.pr\/wp-content\/uploads\/2018\/08\/stephanie-qualls.jpg","datePublished":"2018-09-25T21:50:48+00:00","breadcrumb":{"@id":"https:\/\/hra.pr\/es\/stephanie-qualls\/#breadcrumb"},"inLanguage":"es","potentialAction":[{"@type":"ReadAction","target":["https:\/\/hra.pr\/es\/stephanie-qualls\/"]}]},{"@type":"ImageObject","inLanguage":"es","@id":"https:\/\/hra.pr\/es\/stephanie-qualls\/#primaryimage","url":"http:\/\/hra.pr\/wp-content\/uploads\/2018\/08\/stephanie-qualls.jpg","contentUrl":"http:\/\/hra.pr\/wp-content\/uploads\/2018\/08\/stephanie-qualls.jpg"},{"@type":"BreadcrumbList","@id":"https:\/\/hra.pr\/es\/stephanie-qualls\/#breadcrumb","itemListElement":[{"@type":"ListItem","position":1,"name":"Home","item":"https:\/\/hra.pr\/es\/"},{"@type":"ListItem","position":2,"name":"Stephanie Qualls"}]},{"@type":"WebSite","@id":"https:\/\/hra.pr\/#website","url":"https:\/\/hra.pr\/","name":"Hawk&#039;s Ridge Associates","description":"Unleash the potential of the people in your organization.","potentialAction":[{"@type":"SearchAction","target":{"@type":"EntryPoint","urlTemplate":"https:\/\/hra.pr\/?s={search_term_string}"},"query-input":{"@type":"PropertyValueSpecification","valueRequired":true,"valueName":"search_term_string"}}],"inLanguage":"es"}]}},"_links":{"self":[{"href":"https:\/\/hra.pr\/es\/wp-json\/wp\/v2\/pages\/388","targetHints":{"allow":["GET"]}}],"collection":[{"href":"https:\/\/hra.pr\/es\/wp-json\/wp\/v2\/pages"}],"about":[{"href":"https:\/\/hra.pr\/es\/wp-json\/wp\/v2\/types\/page"}],"author":[{"embeddable":true,"href":"https:\/\/hra.pr\/es\/wp-json\/wp\/v2\/users\/1"}],"replies":[{"embeddable":true,"href":"https:\/\/hra.pr\/es\/wp-json\/wp\/v2\/comments?post=388"}],"version-history":[{"count":1,"href":"https:\/\/hra.pr\/es\/wp-json\/wp\/v2\/pages\/388\/revisions"}],"predecessor-version":[{"id":389,"href":"https:\/\/hra.pr\/es\/wp-json\/wp\/v2\/pages\/388\/revisions\/389"}],"wp:attachment":[{"href":"https:\/\/hra.pr\/es\/wp-json\/wp\/v2\/media?parent=388"}],"curies":[{"name":"wp","href":"https:\/\/api.w.org\/{rel}","templated":true}]}}