{"id":390,"date":"2018-09-25T21:51:42","date_gmt":"2018-09-25T21:51:42","guid":{"rendered":"http:\/\/hra.pr\/steve-ledbetter\/"},"modified":"2018-09-25T21:51:43","modified_gmt":"2018-09-25T21:51:43","slug":"steve-ledbetter","status":"publish","type":"page","link":"https:\/\/hra.pr\/es\/steve-ledbetter\/","title":{"rendered":"Steve Ledbetter"},"content":{"rendered":"<p><div class=\"fusion-fullwidth fullwidth-box fusion-builder-row-1 hundred-percent-fullwidth non-hundred-percent-height-scrolling\" style=\"--awb-border-radius-top-left:0px;--awb-border-radius-top-right:0px;--awb-border-radius-bottom-right:0px;--awb-border-radius-bottom-left:0px;--awb-padding-right:0px;--awb-padding-left:0px;--awb-flex-wrap:wrap;\" ><div class=\"fusion-builder-row fusion-row\"><div class=\"fusion-layout-column fusion_builder_column fusion-builder-column-0 fusion_builder_column_1_1 1_1 fusion-one-full fusion-column-first fusion-column-last\" style=\"--awb-bg-size:cover;--awb-margin-bottom:0px;\"><div class=\"fusion-column-wrapper fusion-flex-column-wrapper-legacy\"><div class=\"fusion-image-element fusion-image-align-center in-legacy-container\" style=\"text-align:center;--awb-caption-title-font-family:var(--h2_typography-font-family);--awb-caption-title-font-weight:var(--h2_typography-font-weight);--awb-caption-title-font-style:var(--h2_typography-font-style);--awb-caption-title-size:var(--h2_typography-font-size);--awb-caption-title-transform:var(--h2_typography-text-transform);--awb-caption-title-line-height:var(--h2_typography-line-height);--awb-caption-title-letter-spacing:var(--h2_typography-letter-spacing);\"><div class=\"imageframe-align-center\"><span class=\" fusion-imageframe imageframe-none imageframe-1 hover-type-none\"><img decoding=\"async\" width=\"1920\" height=\"300\" src=\"http:\/\/hra.pr\/wp-content\/uploads\/2018\/08\/banner-team.jpg\" alt class=\"img-responsive wp-image-250\" srcset=\"https:\/\/hra.pr\/wp-content\/uploads\/2018\/08\/banner-team-200x31.jpg 200w, https:\/\/hra.pr\/wp-content\/uploads\/2018\/08\/banner-team-400x63.jpg 400w, https:\/\/hra.pr\/wp-content\/uploads\/2018\/08\/banner-team-600x94.jpg 600w, https:\/\/hra.pr\/wp-content\/uploads\/2018\/08\/banner-team-800x125.jpg 800w, https:\/\/hra.pr\/wp-content\/uploads\/2018\/08\/banner-team-1200x188.jpg 1200w, https:\/\/hra.pr\/wp-content\/uploads\/2018\/08\/banner-team.jpg 1920w\" sizes=\"(max-width: 800px) 100vw, 1200px\" \/><\/span><\/div><\/div><div class=\"fusion-clearfix\"><\/div><\/div><\/div><\/div><\/div><div class=\"fusion-fullwidth fullwidth-box fusion-builder-row-2 nonhundred-percent-fullwidth non-hundred-percent-height-scrolling\" style=\"--awb-border-radius-top-left:0px;--awb-border-radius-top-right:0px;--awb-border-radius-bottom-right:0px;--awb-border-radius-bottom-left:0px;--awb-padding-top:60px;--awb-flex-wrap:wrap;\" ><div class=\"fusion-builder-row fusion-row\"><div class=\"fusion-layout-column fusion_builder_column fusion-builder-column-1 fusion_builder_column_1_1 1_1 fusion-one-full fusion-column-first fusion-column-last\" style=\"--awb-bg-size:cover;\"><div class=\"fusion-column-wrapper fusion-flex-column-wrapper-legacy\"><div class=\"fusion-text fusion-text-1\"><h2><img decoding=\"async\" class=\"alignleft size-full wp-image-77\" src=\"http:\/\/hra.pr\/wp-content\/uploads\/2018\/08\/steve-ledbetter.jpg\" alt=\"Steve Ledbetter\" width=\"400\" height=\"400\" srcset=\"https:\/\/hra.pr\/wp-content\/uploads\/2018\/08\/steve-ledbetter-66x66.jpg 66w, https:\/\/hra.pr\/wp-content\/uploads\/2018\/08\/steve-ledbetter-150x150.jpg 150w, https:\/\/hra.pr\/wp-content\/uploads\/2018\/08\/steve-ledbetter-200x200.jpg 200w, https:\/\/hra.pr\/wp-content\/uploads\/2018\/08\/steve-ledbetter-300x300.jpg 300w, https:\/\/hra.pr\/wp-content\/uploads\/2018\/08\/steve-ledbetter.jpg 400w\" sizes=\"(max-width: 400px) 100vw, 400px\" \/>Steve Ledbetter<\/h2>\n<p>Steve es un profesional en las \u00e1reas de capacitaci\u00f3n y consultor\u00eda con m\u00e1s de treinta a\u00f1os de experiencia en consultor\u00eda de gesti\u00f3n, operaciones y desarrollo organizacional. Su tesis de doctorado se centr\u00f3 en el liderazgo de servicio (trabajando con los expertos del sector Jim Laub, Greg Stone y Bruce Winston) y fue mencionada por el Greenleaf Institute y en iniciativas de investigaci\u00f3n posteriores.<\/p>\n<p>La pasi\u00f3n de Steve es ayudar a los clientes a lograr una mejora significativa del rendimiento empresarial en los sectores nuclear, de gas y petr\u00f3leo, de defensa aeroespacial y gubernamental mediante la aplicaci\u00f3n de complejos programas orientados a los resultados. Desde la innovaci\u00f3n hasta el producto final entregado, los programas han logrado resultados finales sostenibles al conectar la capacitaci\u00f3n orientada al rendimiento con la implementaci\u00f3n de procesos, que incluye la ejecuci\u00f3n del proyecto, la administraci\u00f3n de la cadena de suministro, la programaci\u00f3n y planificaci\u00f3n integrada, la efectividad de los activos y esfuerzos orientados a una gran reducci\u00f3n de los costos mediante la excelencia operativa y los m\u00e9todos de mejora de los procesos.<\/p>\n<p>Steve cuenta con una amplia experiencia trabajando con una serie de importantes clientes del sector de mantenimiento, reparaci\u00f3n y revisi\u00f3n (MRO), aeroespacial y de defensa para mejorar la capacidad organizacional, la excelencia operativa, el rendimiento de los costos, la programaci\u00f3n y planificaci\u00f3n integrada y la ejecuci\u00f3n de proyectos.<\/p>\n<\/div><div class=\"fusion-clearfix\"><\/div><\/div><\/div><\/div><\/div><\/p>\n","protected":false},"excerpt":{"rendered":"","protected":false},"author":1,"featured_media":0,"parent":0,"menu_order":0,"comment_status":"closed","ping_status":"closed","template":"100-width.php","meta":{"footnotes":""},"class_list":["post-390","page","type-page","status-publish","hentry"],"yoast_head":"<!-- This site is optimized with the Yoast SEO plugin v25.6 - https:\/\/yoast.com\/wordpress\/plugins\/seo\/ -->\n<title>Steve Ledbetter - Hawk&#039;s Ridge Associates<\/title>\n<meta name=\"robots\" content=\"index, follow, max-snippet:-1, max-image-preview:large, max-video-preview:-1\" \/>\n<link rel=\"canonical\" href=\"https:\/\/hra.pr\/es\/steve-ledbetter\/\" \/>\n<meta property=\"og:locale\" content=\"es_ES\" \/>\n<meta property=\"og:type\" content=\"article\" \/>\n<meta property=\"og:title\" content=\"Steve Ledbetter - Hawk&#039;s Ridge Associates\" \/>\n<meta property=\"og:url\" content=\"https:\/\/hra.pr\/es\/steve-ledbetter\/\" \/>\n<meta property=\"og:site_name\" content=\"Hawk&#039;s Ridge Associates\" \/>\n<meta property=\"article:modified_time\" content=\"2018-09-25T21:51:43+00:00\" \/>\n<meta property=\"og:image\" content=\"http:\/\/hra.pr\/wp-content\/uploads\/2018\/08\/steve-ledbetter.jpg\" \/>\n<meta name=\"twitter:card\" content=\"summary_large_image\" \/>\n<meta name=\"twitter:label1\" content=\"Tiempo de lectura\" \/>\n\t<meta name=\"twitter:data1\" content=\"3 minutos\" \/>\n<script type=\"application\/ld+json\" class=\"yoast-schema-graph\">{\"@context\":\"https:\/\/schema.org\",\"@graph\":[{\"@type\":\"WebPage\",\"@id\":\"https:\/\/hra.pr\/es\/steve-ledbetter\/\",\"url\":\"https:\/\/hra.pr\/es\/steve-ledbetter\/\",\"name\":\"Steve Ledbetter - Hawk&#039;s Ridge Associates\",\"isPartOf\":{\"@id\":\"https:\/\/hra.pr\/#website\"},\"primaryImageOfPage\":{\"@id\":\"https:\/\/hra.pr\/es\/steve-ledbetter\/#primaryimage\"},\"image\":{\"@id\":\"https:\/\/hra.pr\/es\/steve-ledbetter\/#primaryimage\"},\"thumbnailUrl\":\"http:\/\/hra.pr\/wp-content\/uploads\/2018\/08\/steve-ledbetter.jpg\",\"datePublished\":\"2018-09-25T21:51:42+00:00\",\"dateModified\":\"2018-09-25T21:51:43+00:00\",\"breadcrumb\":{\"@id\":\"https:\/\/hra.pr\/es\/steve-ledbetter\/#breadcrumb\"},\"inLanguage\":\"es\",\"potentialAction\":[{\"@type\":\"ReadAction\",\"target\":[\"https:\/\/hra.pr\/es\/steve-ledbetter\/\"]}]},{\"@type\":\"ImageObject\",\"inLanguage\":\"es\",\"@id\":\"https:\/\/hra.pr\/es\/steve-ledbetter\/#primaryimage\",\"url\":\"http:\/\/hra.pr\/wp-content\/uploads\/2018\/08\/steve-ledbetter.jpg\",\"contentUrl\":\"http:\/\/hra.pr\/wp-content\/uploads\/2018\/08\/steve-ledbetter.jpg\"},{\"@type\":\"BreadcrumbList\",\"@id\":\"https:\/\/hra.pr\/es\/steve-ledbetter\/#breadcrumb\",\"itemListElement\":[{\"@type\":\"ListItem\",\"position\":1,\"name\":\"Home\",\"item\":\"https:\/\/hra.pr\/es\/\"},{\"@type\":\"ListItem\",\"position\":2,\"name\":\"Steve Ledbetter\"}]},{\"@type\":\"WebSite\",\"@id\":\"https:\/\/hra.pr\/#website\",\"url\":\"https:\/\/hra.pr\/\",\"name\":\"Hawk&#039;s Ridge Associates\",\"description\":\"Unleash the potential of the people in your organization.\",\"potentialAction\":[{\"@type\":\"SearchAction\",\"target\":{\"@type\":\"EntryPoint\",\"urlTemplate\":\"https:\/\/hra.pr\/?s={search_term_string}\"},\"query-input\":{\"@type\":\"PropertyValueSpecification\",\"valueRequired\":true,\"valueName\":\"search_term_string\"}}],\"inLanguage\":\"es\"}]}<\/script>\n<!-- \/ Yoast SEO plugin. -->","yoast_head_json":{"title":"Steve Ledbetter - Hawk&#039;s Ridge Associates","robots":{"index":"index","follow":"follow","max-snippet":"max-snippet:-1","max-image-preview":"max-image-preview:large","max-video-preview":"max-video-preview:-1"},"canonical":"https:\/\/hra.pr\/es\/steve-ledbetter\/","og_locale":"es_ES","og_type":"article","og_title":"Steve Ledbetter - Hawk&#039;s Ridge Associates","og_url":"https:\/\/hra.pr\/es\/steve-ledbetter\/","og_site_name":"Hawk&#039;s Ridge Associates","article_modified_time":"2018-09-25T21:51:43+00:00","og_image":[{"url":"http:\/\/hra.pr\/wp-content\/uploads\/2018\/08\/steve-ledbetter.jpg","type":"","width":"","height":""}],"twitter_card":"summary_large_image","twitter_misc":{"Tiempo de lectura":"3 minutos"},"schema":{"@context":"https:\/\/schema.org","@graph":[{"@type":"WebPage","@id":"https:\/\/hra.pr\/es\/steve-ledbetter\/","url":"https:\/\/hra.pr\/es\/steve-ledbetter\/","name":"Steve Ledbetter - Hawk&#039;s Ridge Associates","isPartOf":{"@id":"https:\/\/hra.pr\/#website"},"primaryImageOfPage":{"@id":"https:\/\/hra.pr\/es\/steve-ledbetter\/#primaryimage"},"image":{"@id":"https:\/\/hra.pr\/es\/steve-ledbetter\/#primaryimage"},"thumbnailUrl":"http:\/\/hra.pr\/wp-content\/uploads\/2018\/08\/steve-ledbetter.jpg","datePublished":"2018-09-25T21:51:42+00:00","dateModified":"2018-09-25T21:51:43+00:00","breadcrumb":{"@id":"https:\/\/hra.pr\/es\/steve-ledbetter\/#breadcrumb"},"inLanguage":"es","potentialAction":[{"@type":"ReadAction","target":["https:\/\/hra.pr\/es\/steve-ledbetter\/"]}]},{"@type":"ImageObject","inLanguage":"es","@id":"https:\/\/hra.pr\/es\/steve-ledbetter\/#primaryimage","url":"http:\/\/hra.pr\/wp-content\/uploads\/2018\/08\/steve-ledbetter.jpg","contentUrl":"http:\/\/hra.pr\/wp-content\/uploads\/2018\/08\/steve-ledbetter.jpg"},{"@type":"BreadcrumbList","@id":"https:\/\/hra.pr\/es\/steve-ledbetter\/#breadcrumb","itemListElement":[{"@type":"ListItem","position":1,"name":"Home","item":"https:\/\/hra.pr\/es\/"},{"@type":"ListItem","position":2,"name":"Steve Ledbetter"}]},{"@type":"WebSite","@id":"https:\/\/hra.pr\/#website","url":"https:\/\/hra.pr\/","name":"Hawk&#039;s Ridge Associates","description":"Unleash the potential of the people in your organization.","potentialAction":[{"@type":"SearchAction","target":{"@type":"EntryPoint","urlTemplate":"https:\/\/hra.pr\/?s={search_term_string}"},"query-input":{"@type":"PropertyValueSpecification","valueRequired":true,"valueName":"search_term_string"}}],"inLanguage":"es"}]}},"_links":{"self":[{"href":"https:\/\/hra.pr\/es\/wp-json\/wp\/v2\/pages\/390","targetHints":{"allow":["GET"]}}],"collection":[{"href":"https:\/\/hra.pr\/es\/wp-json\/wp\/v2\/pages"}],"about":[{"href":"https:\/\/hra.pr\/es\/wp-json\/wp\/v2\/types\/page"}],"author":[{"embeddable":true,"href":"https:\/\/hra.pr\/es\/wp-json\/wp\/v2\/users\/1"}],"replies":[{"embeddable":true,"href":"https:\/\/hra.pr\/es\/wp-json\/wp\/v2\/comments?post=390"}],"version-history":[{"count":1,"href":"https:\/\/hra.pr\/es\/wp-json\/wp\/v2\/pages\/390\/revisions"}],"predecessor-version":[{"id":391,"href":"https:\/\/hra.pr\/es\/wp-json\/wp\/v2\/pages\/390\/revisions\/391"}],"wp:attachment":[{"href":"https:\/\/hra.pr\/es\/wp-json\/wp\/v2\/media?parent=390"}],"curies":[{"name":"wp","href":"https:\/\/api.w.org\/{rel}","templated":true}]}}