{"id":397,"date":"2018-08-21T21:24:36","date_gmt":"2018-08-21T21:24:36","guid":{"rendered":"http:\/\/hra.pr\/equipo\/"},"modified":"2018-10-04T00:10:27","modified_gmt":"2018-10-04T00:10:27","slug":"equipo","status":"publish","type":"page","link":"https:\/\/hra.pr\/es\/equipo\/","title":{"rendered":"EQUIPO"},"content":{"rendered":"<p><div class=\"fusion-fullwidth fullwidth-box fusion-builder-row-1 hundred-percent-fullwidth non-hundred-percent-height-scrolling\" style=\"--awb-border-radius-top-left:0px;--awb-border-radius-top-right:0px;--awb-border-radius-bottom-right:0px;--awb-border-radius-bottom-left:0px;--awb-padding-right:0px;--awb-padding-left:0px;--awb-flex-wrap:wrap;\" ><div class=\"fusion-builder-row fusion-row\"><div class=\"fusion-layout-column fusion_builder_column fusion-builder-column-0 fusion_builder_column_1_1 1_1 fusion-one-full fusion-column-first fusion-column-last\" style=\"--awb-bg-size:cover;--awb-margin-bottom:0px;\"><div class=\"fusion-column-wrapper fusion-flex-column-wrapper-legacy\"><div class=\"fusion-image-element fusion-image-align-center in-legacy-container\" style=\"text-align:center;--awb-caption-title-font-family:var(--h2_typography-font-family);--awb-caption-title-font-weight:var(--h2_typography-font-weight);--awb-caption-title-font-style:var(--h2_typography-font-style);--awb-caption-title-size:var(--h2_typography-font-size);--awb-caption-title-transform:var(--h2_typography-text-transform);--awb-caption-title-line-height:var(--h2_typography-line-height);--awb-caption-title-letter-spacing:var(--h2_typography-letter-spacing);\"><div class=\"imageframe-align-center\"><span class=\" fusion-imageframe imageframe-none imageframe-1 hover-type-none\"><img decoding=\"async\" width=\"1920\" height=\"300\" src=\"http:\/\/hra.pr\/wp-content\/uploads\/2018\/08\/banner-team.jpg\" alt class=\"img-responsive wp-image-250\" srcset=\"https:\/\/hra.pr\/wp-content\/uploads\/2018\/08\/banner-team-200x31.jpg 200w, https:\/\/hra.pr\/wp-content\/uploads\/2018\/08\/banner-team-400x63.jpg 400w, https:\/\/hra.pr\/wp-content\/uploads\/2018\/08\/banner-team-600x94.jpg 600w, https:\/\/hra.pr\/wp-content\/uploads\/2018\/08\/banner-team-800x125.jpg 800w, https:\/\/hra.pr\/wp-content\/uploads\/2018\/08\/banner-team-1200x188.jpg 1200w, https:\/\/hra.pr\/wp-content\/uploads\/2018\/08\/banner-team.jpg 1920w\" sizes=\"(max-width: 800px) 100vw, 1200px\" \/><\/span><\/div><\/div><div class=\"fusion-clearfix\"><\/div><\/div><\/div><\/div><\/div><div class=\"fusion-fullwidth fullwidth-box fusion-builder-row-2 nonhundred-percent-fullwidth non-hundred-percent-height-scrolling\" style=\"--awb-border-radius-top-left:0px;--awb-border-radius-top-right:0px;--awb-border-radius-bottom-right:0px;--awb-border-radius-bottom-left:0px;--awb-padding-top:60px;--awb-flex-wrap:wrap;\" ><div class=\"fusion-builder-row fusion-row\"><div class=\"fusion-layout-column fusion_builder_column fusion-builder-column-1 fusion_builder_column_1_1 1_1 fusion-one-full fusion-column-first fusion-column-last\" style=\"--awb-bg-size:cover;\"><div class=\"fusion-column-wrapper fusion-flex-column-wrapper-legacy\"><div class=\"fusion-text fusion-text-1\"><h2><strong>Experiencia<\/strong><\/h2>\n<p>El equipo de Hawk\u2019s Ridge Associates cuenta con una larga experiencia ayudando a los l\u00edderes a transformar el rendimiento empresarial en los distintos sectores, junto con una amplia experiencia en la l\u00ednea industrial que nos ayuda a establecer una relaci\u00f3n con todos los niveles de la organizaci\u00f3n.<\/p>\n<\/div><div class=\"fusion-clearfix\"><\/div><\/div><\/div><div class=\"fusion-layout-column fusion_builder_column fusion-builder-column-2 fusion_builder_column_1_3 1_3 fusion-one-third fusion-column-first\" style=\"--awb-bg-size:cover;--awb-margin-bottom:0px;width:30.6666%; margin-right: 4%;\"><div class=\"fusion-column-wrapper fusion-flex-column-wrapper-legacy\"><div class=\"fusion-image-element fusion-image-align-center in-legacy-container\" style=\"text-align:center;--awb-caption-title-font-family:var(--h2_typography-font-family);--awb-caption-title-font-weight:var(--h2_typography-font-weight);--awb-caption-title-font-style:var(--h2_typography-font-style);--awb-caption-title-size:var(--h2_typography-font-size);--awb-caption-title-transform:var(--h2_typography-text-transform);--awb-caption-title-line-height:var(--h2_typography-line-height);--awb-caption-title-letter-spacing:var(--h2_typography-letter-spacing);\"><div class=\"imageframe-align-center\"><span class=\" fusion-imageframe imageframe-none imageframe-2 hover-type-none\"><a class=\"fusion-no-lightbox\" href=\"\/es\/stephanie-qualls\" target=\"_self\" aria-label=\"stephanie-qualls\"><img decoding=\"async\" width=\"400\" height=\"400\" src=\"http:\/\/hra.pr\/wp-content\/uploads\/2018\/08\/stephanie-qualls.jpg\" alt class=\"img-responsive wp-image-252\" srcset=\"https:\/\/hra.pr\/wp-content\/uploads\/2018\/08\/stephanie-qualls-200x200.jpg 200w, https:\/\/hra.pr\/wp-content\/uploads\/2018\/08\/stephanie-qualls.jpg 400w\" sizes=\"(max-width: 800px) 100vw, 400px\" \/><\/a><\/span><\/div><\/div><div class=\"fusion-text fusion-text-2\"><p><strong>Stephanie Qualls<\/strong><\/p>\n<p>La pasi\u00f3n de Stephanie es colaborar con los clientes para ayudarlos a crear una visi\u00f3n motivadora de un futuro de alto rendimiento, y hacerla realidad.\u00a0 Es una profesional en las \u00e1reas de capacitaci\u00f3n y consultor\u00eda con m\u00e1s de treinta a\u00f1os de experiencia en negocios, que incluye una combinaci\u00f3n de consultor\u00eda, liderazgo en la l\u00ednea industrial y funciones del personal internacional en las industrias qu\u00edmica, energ\u00e9tica y manufacturera.<\/p>\n<\/div><div class=\"fusion-button-wrapper\"><a class=\"fusion-button button-flat button-medium button-default fusion-button-default button-1 fusion-button-default-span fusion-button-default-type\" target=\"_self\" href=\"\/es\/stephanie-qualls\"><span class=\"fusion-button-text awb-button__text awb-button__text--default\">Leer la biograf\u00eda completa<\/span><\/a><\/div><div class=\"fusion-clearfix\"><\/div><\/div><\/div><div class=\"fusion-layout-column fusion_builder_column fusion-builder-column-3 fusion_builder_column_1_3 1_3 fusion-one-third\" style=\"--awb-bg-size:cover;--awb-margin-bottom:0px;width:30.6666%; margin-right: 4%;\"><div class=\"fusion-column-wrapper fusion-flex-column-wrapper-legacy\"><div class=\"fusion-image-element fusion-image-align-center in-legacy-container\" style=\"text-align:center;--awb-caption-title-font-family:var(--h2_typography-font-family);--awb-caption-title-font-weight:var(--h2_typography-font-weight);--awb-caption-title-font-style:var(--h2_typography-font-style);--awb-caption-title-size:var(--h2_typography-font-size);--awb-caption-title-transform:var(--h2_typography-text-transform);--awb-caption-title-line-height:var(--h2_typography-line-height);--awb-caption-title-letter-spacing:var(--h2_typography-letter-spacing);\"><div class=\"imageframe-align-center\"><span class=\" fusion-imageframe imageframe-none imageframe-3 hover-type-none\"><a class=\"fusion-no-lightbox\" href=\"\/es\/steve-ledbetter\/\" target=\"_self\" aria-label=\"Steve Ledbetter\"><img decoding=\"async\" width=\"400\" height=\"400\" src=\"http:\/\/hra.pr\/wp-content\/uploads\/2018\/08\/steve-ledbetter.jpg\" alt class=\"img-responsive wp-image-251\" srcset=\"https:\/\/hra.pr\/wp-content\/uploads\/2018\/08\/steve-ledbetter-200x200.jpg 200w, https:\/\/hra.pr\/wp-content\/uploads\/2018\/08\/steve-ledbetter.jpg 400w\" sizes=\"(max-width: 800px) 100vw, 400px\" \/><\/a><\/span><\/div><\/div><div class=\"fusion-text fusion-text-3\"><p><strong>Steve Ledbetter <\/strong><\/p>\n<p>Steve es un profesional en las \u00e1reas de capacitaci\u00f3n y consultor\u00eda con m\u00e1s de treinta a\u00f1os de experiencia en consultor\u00eda de gesti\u00f3n, operaciones y desarrollo organizacional. Su tesis de doctorado se centr\u00f3 en el liderazgo de servicio (trabajando con los expertos del sector Jim Laub, Greg Stone y Bruce Winston) y fue mencionada por el Greenleaf Institute y en iniciativas de investigaci\u00f3n posteriores.<\/p>\n<\/div><div class=\"fusion-button-wrapper\"><a class=\"fusion-button button-flat button-medium button-default fusion-button-default button-2 fusion-button-default-span fusion-button-default-type\" target=\"_self\" href=\"\/es\/steve-ledbetter\/\"><span class=\"fusion-button-text awb-button__text awb-button__text--default\">Leer la biograf\u00eda completa<\/span><\/a><\/div><div class=\"fusion-clearfix\"><\/div><\/div><\/div><div class=\"fusion-layout-column fusion_builder_column fusion-builder-column-4 fusion_builder_column_1_3 1_3 fusion-one-third fusion-column-last\" style=\"--awb-bg-size:cover;--awb-margin-bottom:0px;width:30.6666%;\"><div class=\"fusion-column-wrapper fusion-flex-column-wrapper-legacy\"><div class=\"fusion-image-element fusion-image-align-center in-legacy-container\" style=\"text-align:center;--awb-caption-title-font-family:var(--h2_typography-font-family);--awb-caption-title-font-weight:var(--h2_typography-font-weight);--awb-caption-title-font-style:var(--h2_typography-font-style);--awb-caption-title-size:var(--h2_typography-font-size);--awb-caption-title-transform:var(--h2_typography-text-transform);--awb-caption-title-line-height:var(--h2_typography-line-height);--awb-caption-title-letter-spacing:var(--h2_typography-letter-spacing);\"><div class=\"imageframe-align-center\"><span class=\" fusion-imageframe imageframe-none imageframe-4 hover-type-none\"><a class=\"fusion-no-lightbox\" href=\"\/es\/monique-mcqueen\/\" target=\"_self\" aria-label=\"Monique McQueen\"><img decoding=\"async\" width=\"400\" height=\"400\" src=\"http:\/\/hra.pr\/wp-content\/uploads\/2018\/08\/monique-mcqueen.jpg\" alt class=\"img-responsive wp-image-253\" srcset=\"https:\/\/hra.pr\/wp-content\/uploads\/2018\/08\/monique-mcqueen-200x200.jpg 200w, https:\/\/hra.pr\/wp-content\/uploads\/2018\/08\/monique-mcqueen.jpg 400w\" sizes=\"(max-width: 800px) 100vw, 400px\" \/><\/a><\/span><\/div><\/div><div class=\"fusion-text fusion-text-4\"><p><strong>Monique McQueen<\/strong><\/p>\n<p>A Monique le apasiona trabajar con clientes colaborando para que abracen y aprovechen su principal activo: las personas. Monique ofrece una d\u00e9cada de experiencia en las comunicaciones estrat\u00e9gicas y creativas, as\u00ed como en la gesti\u00f3n de las partes interesadas en una amplia variedad de organizaciones y equipos de proyectos, con clientes del sector del gas y el petr\u00f3leo, USA Basketball, el transporte, el gobierno de los EE.\u00a0UU. y la salud.<\/p>\n<\/div><div class=\"fusion-button-wrapper\"><a class=\"fusion-button button-flat button-medium button-default fusion-button-default button-3 fusion-button-default-span fusion-button-default-type\" target=\"_self\" href=\"\/es\/monique-mcqueen\/\"><span class=\"fusion-button-text awb-button__text awb-button__text--default\">Leer la biograf\u00eda completa<\/span><\/a><\/div><div class=\"fusion-clearfix\"><\/div><\/div><\/div><div class=\"fusion-layout-column fusion_builder_column fusion-builder-column-5 fusion_builder_column_1_1 1_1 fusion-one-full fusion-column-first fusion-column-last\" style=\"--awb-bg-size:cover;\"><div class=\"fusion-column-wrapper fusion-flex-column-wrapper-legacy\"><div class=\"fusion-sep-clear\"><\/div><div class=\"fusion-separator fusion-full-width-sep\" style=\"margin-left: auto;margin-right: auto;margin-top:15px;margin-bottom:15px;width:100%;\"><\/div><div class=\"fusion-sep-clear\"><\/div><div class=\"fusion-clearfix\"><\/div><\/div><\/div><div class=\"fusion-layout-column fusion_builder_column fusion-builder-column-6 fusion_builder_column_1_3 1_3 fusion-one-third fusion-column-first\" style=\"--awb-padding-top:30px;--awb-bg-size:cover;--awb-margin-bottom:0px;width:30.6666%; margin-right: 4%;\"><div class=\"fusion-column-wrapper fusion-flex-column-wrapper-legacy\"><div class=\"fusion-image-element fusion-image-align-center in-legacy-container\" style=\"text-align:center;--awb-caption-title-font-family:var(--h2_typography-font-family);--awb-caption-title-font-weight:var(--h2_typography-font-weight);--awb-caption-title-font-style:var(--h2_typography-font-style);--awb-caption-title-size:var(--h2_typography-font-size);--awb-caption-title-transform:var(--h2_typography-text-transform);--awb-caption-title-line-height:var(--h2_typography-line-height);--awb-caption-title-letter-spacing:var(--h2_typography-letter-spacing);\"><div class=\"imageframe-align-center\"><span class=\" fusion-imageframe imageframe-none imageframe-5 hover-type-none\"><a class=\"fusion-no-lightbox\" href=\"\/es\/jojo-schneckenaichner\/\" target=\"_self\" aria-label=\"jojo-schneckenaichner\"><img decoding=\"async\" width=\"400\" height=\"400\" src=\"http:\/\/hra.pr\/wp-content\/uploads\/2018\/09\/jojo-schneckenaichner.jpg\" alt class=\"img-responsive wp-image-307\" srcset=\"https:\/\/hra.pr\/wp-content\/uploads\/2018\/09\/jojo-schneckenaichner-200x200.jpg 200w, https:\/\/hra.pr\/wp-content\/uploads\/2018\/09\/jojo-schneckenaichner.jpg 400w\" sizes=\"(max-width: 800px) 100vw, 400px\" \/><\/a><\/span><\/div><\/div><div class=\"fusion-text fusion-text-5\"><p><strong>JoJo Schneckenaichner<\/strong><\/p>\n<p>JoJo es un consultor experimentado con m\u00e1s de veinte a\u00f1os de trayectoria en consultor\u00eda de gesti\u00f3n, operaciones y administraci\u00f3n de la cadena de suministro. Su tesis de doctorado sobre m\u00e9todos de control de costos de la cadena de suministro se ha transferido de manera eficiente a clientes y agencias gubernamentales para el rendimiento comercial y operativo.<\/p>\n<\/div><div class=\"fusion-button-wrapper\"><a class=\"fusion-button button-flat button-medium button-default fusion-button-default button-4 fusion-button-default-span fusion-button-default-type\" target=\"_self\" href=\"\/es\/jojo-schneckenaichner\/\"><span class=\"fusion-button-text awb-button__text awb-button__text--default\">Leer la biograf\u00eda completa<\/span><\/a><\/div><div class=\"fusion-clearfix\"><\/div><\/div><\/div><div class=\"fusion-layout-column fusion_builder_column fusion-builder-column-7 fusion_builder_column_1_3 1_3 fusion-one-third\" style=\"--awb-padding-top:30px;--awb-bg-size:cover;--awb-margin-bottom:0px;width:30.6666%; margin-right: 4%;\"><div class=\"fusion-column-wrapper fusion-flex-column-wrapper-legacy\"><div class=\"fusion-image-element fusion-image-align-center in-legacy-container\" style=\"text-align:center;--awb-caption-title-font-family:var(--h2_typography-font-family);--awb-caption-title-font-weight:var(--h2_typography-font-weight);--awb-caption-title-font-style:var(--h2_typography-font-style);--awb-caption-title-size:var(--h2_typography-font-size);--awb-caption-title-transform:var(--h2_typography-text-transform);--awb-caption-title-line-height:var(--h2_typography-line-height);--awb-caption-title-letter-spacing:var(--h2_typography-letter-spacing);\"><div class=\"imageframe-align-center\"><span class=\" fusion-imageframe imageframe-none imageframe-6 hover-type-none\"><a class=\"fusion-no-lightbox\" href=\"\/es\/stan-ledbetter\" target=\"_self\" aria-label=\"stan-ledbetter\"><img decoding=\"async\" width=\"400\" height=\"400\" src=\"http:\/\/hra.pr\/wp-content\/uploads\/2018\/09\/stan-ledbetter.jpg\" alt class=\"img-responsive wp-image-282\" srcset=\"https:\/\/hra.pr\/wp-content\/uploads\/2018\/09\/stan-ledbetter-200x200.jpg 200w, https:\/\/hra.pr\/wp-content\/uploads\/2018\/09\/stan-ledbetter.jpg 400w\" sizes=\"(max-width: 800px) 100vw, 400px\" \/><\/a><\/span><\/div><\/div><div class=\"fusion-text fusion-text-6\"><p><strong>Stan Ledbetter<\/strong><\/p>\n<p class=\"textbox\" dir=\"ltr\">Stan es un instructor experimentado y Profesional de capacitaci\u00f3n certificado por el gobierno del Estado de Georgia con veinticinco a\u00f1os de experiencia en el sector de gobierno en gesti\u00f3n, capacitaci\u00f3n y facilitaci\u00f3n de programas de capacitaci\u00f3n que impactan considerablemente en los objetivos de una organizaci\u00f3n.<\/p>\n<\/div><div class=\"fusion-button-wrapper\"><a class=\"fusion-button button-flat button-medium button-default fusion-button-default button-5 fusion-button-default-span fusion-button-default-type\" target=\"_self\" href=\"\/es\/stan-ledbetter\"><span class=\"fusion-button-text awb-button__text awb-button__text--default\">Leer la biograf\u00eda completa<\/span><\/a><\/div><div class=\"fusion-clearfix\"><\/div><\/div><\/div><\/div><\/div><\/p>\n","protected":false},"excerpt":{"rendered":"","protected":false},"author":1,"featured_media":0,"parent":0,"menu_order":0,"comment_status":"closed","ping_status":"closed","template":"100-width.php","meta":{"footnotes":""},"class_list":["post-397","page","type-page","status-publish","hentry"],"yoast_head":"<!-- This site is optimized with the Yoast SEO plugin v25.6 - https:\/\/yoast.com\/wordpress\/plugins\/seo\/ -->\n<title>EQUIPO - Hawk&#039;s Ridge Associates<\/title>\n<meta name=\"robots\" content=\"index, follow, max-snippet:-1, max-image-preview:large, max-video-preview:-1\" \/>\n<link rel=\"canonical\" href=\"https:\/\/hra.pr\/es\/equipo\/\" \/>\n<meta property=\"og:locale\" content=\"es_ES\" \/>\n<meta property=\"og:type\" content=\"article\" \/>\n<meta property=\"og:title\" content=\"EQUIPO - Hawk&#039;s Ridge Associates\" \/>\n<meta property=\"og:url\" content=\"https:\/\/hra.pr\/es\/equipo\/\" \/>\n<meta property=\"og:site_name\" content=\"Hawk&#039;s Ridge Associates\" \/>\n<meta property=\"article:modified_time\" content=\"2018-10-04T00:10:27+00:00\" \/>\n<meta name=\"twitter:card\" content=\"summary_large_image\" \/>\n<meta name=\"twitter:label1\" content=\"Tiempo de lectura\" \/>\n\t<meta name=\"twitter:data1\" content=\"10 minutos\" \/>\n<script type=\"application\/ld+json\" class=\"yoast-schema-graph\">{\"@context\":\"https:\/\/schema.org\",\"@graph\":[{\"@type\":\"WebPage\",\"@id\":\"https:\/\/hra.pr\/es\/equipo\/\",\"url\":\"https:\/\/hra.pr\/es\/equipo\/\",\"name\":\"EQUIPO - Hawk&#039;s Ridge Associates\",\"isPartOf\":{\"@id\":\"https:\/\/hra.pr\/#website\"},\"datePublished\":\"2018-08-21T21:24:36+00:00\",\"dateModified\":\"2018-10-04T00:10:27+00:00\",\"breadcrumb\":{\"@id\":\"https:\/\/hra.pr\/es\/equipo\/#breadcrumb\"},\"inLanguage\":\"es\",\"potentialAction\":[{\"@type\":\"ReadAction\",\"target\":[\"https:\/\/hra.pr\/es\/equipo\/\"]}]},{\"@type\":\"BreadcrumbList\",\"@id\":\"https:\/\/hra.pr\/es\/equipo\/#breadcrumb\",\"itemListElement\":[{\"@type\":\"ListItem\",\"position\":1,\"name\":\"Home\",\"item\":\"https:\/\/hra.pr\/es\/\"},{\"@type\":\"ListItem\",\"position\":2,\"name\":\"EQUIPO\"}]},{\"@type\":\"WebSite\",\"@id\":\"https:\/\/hra.pr\/#website\",\"url\":\"https:\/\/hra.pr\/\",\"name\":\"Hawk&#039;s Ridge Associates\",\"description\":\"Unleash the potential of the people in your organization.\",\"potentialAction\":[{\"@type\":\"SearchAction\",\"target\":{\"@type\":\"EntryPoint\",\"urlTemplate\":\"https:\/\/hra.pr\/?s={search_term_string}\"},\"query-input\":{\"@type\":\"PropertyValueSpecification\",\"valueRequired\":true,\"valueName\":\"search_term_string\"}}],\"inLanguage\":\"es\"}]}<\/script>\n<!-- \/ Yoast SEO plugin. -->","yoast_head_json":{"title":"EQUIPO - Hawk&#039;s Ridge Associates","robots":{"index":"index","follow":"follow","max-snippet":"max-snippet:-1","max-image-preview":"max-image-preview:large","max-video-preview":"max-video-preview:-1"},"canonical":"https:\/\/hra.pr\/es\/equipo\/","og_locale":"es_ES","og_type":"article","og_title":"EQUIPO - Hawk&#039;s Ridge Associates","og_url":"https:\/\/hra.pr\/es\/equipo\/","og_site_name":"Hawk&#039;s Ridge Associates","article_modified_time":"2018-10-04T00:10:27+00:00","twitter_card":"summary_large_image","twitter_misc":{"Tiempo de lectura":"10 minutos"},"schema":{"@context":"https:\/\/schema.org","@graph":[{"@type":"WebPage","@id":"https:\/\/hra.pr\/es\/equipo\/","url":"https:\/\/hra.pr\/es\/equipo\/","name":"EQUIPO - Hawk&#039;s Ridge Associates","isPartOf":{"@id":"https:\/\/hra.pr\/#website"},"datePublished":"2018-08-21T21:24:36+00:00","dateModified":"2018-10-04T00:10:27+00:00","breadcrumb":{"@id":"https:\/\/hra.pr\/es\/equipo\/#breadcrumb"},"inLanguage":"es","potentialAction":[{"@type":"ReadAction","target":["https:\/\/hra.pr\/es\/equipo\/"]}]},{"@type":"BreadcrumbList","@id":"https:\/\/hra.pr\/es\/equipo\/#breadcrumb","itemListElement":[{"@type":"ListItem","position":1,"name":"Home","item":"https:\/\/hra.pr\/es\/"},{"@type":"ListItem","position":2,"name":"EQUIPO"}]},{"@type":"WebSite","@id":"https:\/\/hra.pr\/#website","url":"https:\/\/hra.pr\/","name":"Hawk&#039;s Ridge Associates","description":"Unleash the potential of the people in your organization.","potentialAction":[{"@type":"SearchAction","target":{"@type":"EntryPoint","urlTemplate":"https:\/\/hra.pr\/?s={search_term_string}"},"query-input":{"@type":"PropertyValueSpecification","valueRequired":true,"valueName":"search_term_string"}}],"inLanguage":"es"}]}},"_links":{"self":[{"href":"https:\/\/hra.pr\/es\/wp-json\/wp\/v2\/pages\/397","targetHints":{"allow":["GET"]}}],"collection":[{"href":"https:\/\/hra.pr\/es\/wp-json\/wp\/v2\/pages"}],"about":[{"href":"https:\/\/hra.pr\/es\/wp-json\/wp\/v2\/types\/page"}],"author":[{"embeddable":true,"href":"https:\/\/hra.pr\/es\/wp-json\/wp\/v2\/users\/1"}],"replies":[{"embeddable":true,"href":"https:\/\/hra.pr\/es\/wp-json\/wp\/v2\/comments?post=397"}],"version-history":[{"count":5,"href":"https:\/\/hra.pr\/es\/wp-json\/wp\/v2\/pages\/397\/revisions"}],"predecessor-version":[{"id":453,"href":"https:\/\/hra.pr\/es\/wp-json\/wp\/v2\/pages\/397\/revisions\/453"}],"wp:attachment":[{"href":"https:\/\/hra.pr\/es\/wp-json\/wp\/v2\/media?parent=397"}],"curies":[{"name":"wp","href":"https:\/\/api.w.org\/{rel}","templated":true}]}}